{"id":128,"date":"2014-08-23T02:10:48","date_gmt":"2014-08-23T05:10:48","guid":{"rendered":"https:\/\/dioceseteixeiradefreitas.com.br\/?page_id=128"},"modified":"2025-03-12T09:26:05","modified_gmt":"2025-03-12T12:26:05","slug":"forania-santo-antonio-caravelas-jucurucu-cruzeiro-do-sul-alcobaca-itamaraju-e-prado","status":"publish","type":"page","link":"https:\/\/dioceseteixeiradefreitas.com.br\/?page_id=128","title":{"rendered":"FORANIA SANTO ANT\u00d4NIO &#8211; Caravelas, Alcoba\u00e7a e Prado"},"content":{"rendered":"<p><strong>17. CARAVELAS \u2013 CO-CATEDRAL SANTO ANT\u00d4NIO<\/strong><br \/>\nErigida em: 1755<br \/>\nEndere\u00e7o: Pra\u00e7a Santo Ant\u00f4nio, 28, Centro \u2013 Caravelas\/BA<br \/>\nCEP: 45990-000<br \/>\nE-mail: ccstoantonio@dioceseteixeiradefreitas.com.br<br \/>\nTel: (73) 3297-1611<br \/>\nP\u00c1ROCO: Pe. Vagner Batista de Melo<br \/>\nVIG\u00c1RIO PAROQUIAL: Pe. Phellipe Moreira da F\u00e9<br \/>\nCoordenadora Paroquial: Marilene Gouv\u00eaa<br \/>\nNasc: 15\/10<br \/>\nTel: (73) 99927-6758<br \/>\nE-mail: marilen.gouvea@gmail.com<\/p>\n<p><strong>18. PRADO \u2013 PAR\u00d3QUIA NOSSA SENHORA DA PURIFICA\u00c7\u00c3O<\/strong><br \/>\nErigida em: 20\/10\/1795<br \/>\nEndere\u00e7o: Pra\u00e7a da Matriz, 90, Centro \u2013 Prado\/BA<br \/>\nCEP: 45980-000<br \/>\nE-mail: nsrdapurificacao@dioceseteixeiradefreitas.com.br<br \/>\nTel: (73) 3021-1112<br \/>\nADMINISTRADOR PAROQUIAL: Pe. Paulo Andr\u00e9 Costa de Oliveira<br \/>\nVIG\u00c1RIO PAROQUIAL: Pe. Pedro Francisco Pereira Medeiros<br \/>\nCoordenador Paroquial: Jorge Barbosa da Silva<br \/>\nVice-Coordenadora: Juliana Azevedo Santos<br \/>\nTel: (73) 99969-9542<br \/>\nE-mail: juliannaazevedo6@gmail.com<\/p>\n<p><strong>19. ALCOBA\u00c7A \u2013 PAR\u00d3QUIA S\u00c3O BERNARDO<\/strong><br \/>\nErigida em: 09\/11\/1771<br \/>\nEndere\u00e7o: Rua Silva Jardim, 40, Centro \u2013 Alcoba\u00e7a\/BA<br \/>\nCEP: 45990-000<br \/>\nE-mail: saobernardo@dioceseteixeiradefreitas.com.br<br \/>\nTel: (73) 3293-2192 (Secretaria) \u2013 3293-2694 (Casa Paroquial)<br \/>\nP\u00c1ROCO: Pe. Valdir Vitorino<br \/>\nVIG\u00c1RIO PAROQUIAL: Pe. Mathew Rathish<br \/>\nVIG\u00c1RIO PAROQUIAL: Pe. Tharles Brand\u00e3o Batista<br \/>\nCoordenadora Paroquial: Neiva Ros\u00e1rio Ferreira Silva<br \/>\nNasc: 02\/07<br \/>\nTel: (73) 98824-3343<br \/>\nE-mail: neivarfs@hotmail.com<\/p>\n<p><strong>20. QUASE PAR\u00d3QUIA S\u00c3O JOS\u00c9 DE ALCOBA\u00c7A<\/strong><br \/>\nCriada em: 29\/01\/2022<br \/>\nE-mail: saojoseal@dioceseteixeiradefreitas.com.br<br \/>\nVIG\u00c1RIO PAROQUIAL: Pe. Rathish Mathew<br \/>\nCoordenador: Elic\u00e1cio dos Santos Laranjeira<br \/>\nNasc: 18\/06<br \/>\nTel: (73) 99988-3020<br \/>\nemail: drika_ekk@hotmail.com<br \/>\nVice-coordenador: Jeilson Teixeira Soares<br \/>\nNasc: 18\/09<br \/>\nTel: (73)98179-7784<br \/>\ne-mail: jeilsonteixeira@gmail.com<\/p>\n","protected":false},"excerpt":{"rendered":"<p>17. CARAVELAS \u2013 CO-CATEDRAL SANTO ANT\u00d4NIO Erigida em: 1755 Endere\u00e7o: Pra\u00e7a Santo Ant\u00f4nio, 28, Centro \u2013 Caravelas\/BA CEP: 45990-000 E-mail: ccstoantonio@dioceseteixeiradefreitas.com.br Tel: (73) 3297-1611 P\u00c1ROCO: Pe. Vagner Batista de Melo VIG\u00c1RIO PAROQUIAL: Pe. Phellipe Moreira da F\u00e9 Coordenadora Paroquial: Marilene Gouv\u00eaa Nasc: 15\/10 Tel: (73) 99927-6758 E-mail: marilen.gouvea@gmail.com 18. PRADO \u2013 PAR\u00d3QUIA NOSSA SENHORA DA &hellip;<\/p>\n","protected":false},"author":1,"featured_media":0,"parent":0,"menu_order":0,"comment_status":"closed","ping_status":"closed","template":"","meta":{"footnotes":""},"class_list":["post-128","page","type-page","status-publish","hentry"],"_links":{"self":[{"href":"https:\/\/dioceseteixeiradefreitas.com.br\/index.php?rest_route=\/wp\/v2\/pages\/128","targetHints":{"allow":["GET"]}}],"collection":[{"href":"https:\/\/dioceseteixeiradefreitas.com.br\/index.php?rest_route=\/wp\/v2\/pages"}],"about":[{"href":"https:\/\/dioceseteixeiradefreitas.com.br\/index.php?rest_route=\/wp\/v2\/types\/page"}],"author":[{"embeddable":true,"href":"https:\/\/dioceseteixeiradefreitas.com.br\/index.php?rest_route=\/wp\/v2\/users\/1"}],"replies":[{"embeddable":true,"href":"https:\/\/dioceseteixeiradefreitas.com.br\/index.php?rest_route=%2Fwp%2Fv2%2Fcomments&post=128"}],"version-history":[{"count":42,"href":"https:\/\/dioceseteixeiradefreitas.com.br\/index.php?rest_route=\/wp\/v2\/pages\/128\/revisions"}],"predecessor-version":[{"id":24014,"href":"https:\/\/dioceseteixeiradefreitas.com.br\/index.php?rest_route=\/wp\/v2\/pages\/128\/revisions\/24014"}],"wp:attachment":[{"href":"https:\/\/dioceseteixeiradefreitas.com.br\/index.php?rest_route=%2Fwp%2Fv2%2Fmedia&parent=128"}],"curies":[{"name":"wp","href":"https:\/\/api.w.org\/{rel}","templated":true}]}}