{"id":17704,"date":"2022-08-21T20:24:28","date_gmt":"2022-08-21T23:24:28","guid":{"rendered":"https:\/\/dioceseteixeiradefreitas.com.br\/?page_id=17704"},"modified":"2025-03-12T09:33:32","modified_gmt":"2025-03-12T12:33:32","slug":"forania-sao-cosme-e-damiao-itamaraju-jucurucu","status":"publish","type":"page","link":"https:\/\/dioceseteixeiradefreitas.com.br\/?page_id=17704","title":{"rendered":"FORANIA S\u00c3O COSME E DAMI\u00c3O &#8211; Distrito de Guarani, Itamaraju e Jucuru\u00e7u"},"content":{"rendered":"\n<p><strong>ITAMARAJU \u2013 PAR\u00d3QUIA NOSSA SENHORA DE F\u00c1TIMA<\/strong><br>Erigida em: 08\/03\/1992<br>Endere\u00e7o: Pra\u00e7a da Bandeira, n\u00ba 91. Bairro: F\u00e1tima. \u2013 Itamaraju\/BA<br>E-mail: nsrafatima@dioceseteixeiradefreitas.com.br<br>Tel: (73) 99121-0967<br>P\u00c1ROCO: Pe. Isael Santana da Silva<br>Coordenadora Paroquial: Ant\u00f4nia F\u00e1tima Santana Santos<br>Nasc: 13\/06<br>Tel: (73) 99145-5678<br>Vice-Coordenadora: Silbene de Oliveira Souza<br>Nasc: 20\/12<br>Tel: (73) 98889-2093<br>E-mail: oliveirasilbene@gmail.com<br>Secret\u00e1ria: Lia Marcia Gabrielli<br>Nasc: 14\/03<br>Tel: (73) 98846-3128<\/p>\n\n\n\n<p><strong>ITAMARAJU \u2013 PAR\u00d3QUIA SANTOS COSME E S\u00c3O DAMI\u00c3O<\/strong><br>Erigida em: 02\/05\/1965<br>Endere\u00e7o: Pra\u00e7a da Independ\u00eancia, 478 \u2013 Caixa Postal 16 \u2013 Itamaraju\/BA<br>CEP: 45830-000<br>E-mail: cosmeedamiao@dioceseteixeiradefreitas.com.br<br>Tel: (73) 3294-3950 (Secretaria) \/ 3294-1658 (Casa Paroquial)<br>P\u00c1ROCO: Pe. Frei Alan Santana OFM Cap<br>VIG\u00c1RIOS:<br>Pe. Frei Ant\u00f4nio Bispo Nascimento Filho, OFM Cap<br>Pe. Frei Jo\u00e3o Ambr\u00f3sio dos Santos, OFM Cap<br>Coordenadora Paroquial: Adrin\u00e9ia Andrade da Silva<br>Nasc: 08\/11<br>Tel: (73) 99949-0361<br>E-mail: adrineia.isa@gmail.com<br>Vice-Coordenadora: Luc\u00edlia Muchilin Miranda Lopes<br>Nasc: 21\/12<br>Tel: (73) 98848-4004<br>E-mail: luciliaadm@gmail.com<\/p>\n\n\n\n<p><strong>ITAMARAJU &#8211; PAR\u00d3QUIA CRISTO REI<\/strong><br>Erigida em: 23\/11\/2024<br>Endere\u00e7o: Rua Buerarema, 564, Cristo Redentor \u2013 Itamaraju\/BA<br>E-mail: qpcristorei@dioceseteixeiradefreitas.com.br<br>ADMINISTRADOR PAROQUIAL: Pe. Kayo Campeche<br>Coordenadora: Liude Gomes Botelho<br>Nasc: 28\/06<br>Tel: (73) 99934-1288<br>E-mail: liudebotelho@hotmail.com<\/p>\n\n\n\n<p><strong>JUCURU\u00c7U \u2013 PAR\u00d3QUIA S\u00c3O SEBASTI\u00c3O<\/strong><br>Erigida em: 14\/03\/1994<br>Endere\u00e7o: Pra\u00e7a Josino Eduardo Brito, s\/n \u2013 Caixa Postal 62 &#8211; Jucuru\u00e7u\/BA<br>CEP: 45835-000<br>Tel: (73) 3662-2170<br>E-mail: saosebastiaojucurucu@dioceseteixeiradefreitas.com.br<br>ADMINISTRADOR PAROQUIAL: Pe. Manoel Freire de Oliveira Neto<br>Coordenadora Paroquial: Josete Ferreira Soares<br>Nasc: 16\/12<br>Tel: (73) 98231-0801<br>Vice-Coordenadora: Apoliana Caldeira da Silva<br>Nasc: 13\/10<br>Tel: (73) 98166-3632<br>E-mail: polianapoly483@gmail.com<\/p>\n\n\n\n<p><strong>GUARANI &#8211; PRADO &#8211; PAR\u00d3QUIA S\u00c3O JOS\u00c9 ESPOSO<\/strong><br>Erigida em: 23\/03\/2019<br>Endere\u00e7o: Avenida Brasil \u2013 Guarani \u2013 Prado\/BA<br>CEP: 45980-000<br>E-mail: qpsaojesposoguarani@dioceseteixeiradefreitas.com.br<br>Tel: S\/N<br>P\u00c1ROCO: Pe. Jailton Sousa Sapucaia<br>Coordenador Paroquial: Rosa Maria Machado Souza<br>Tel: (73) 99183-8918<br>Vice-Coordenadora: Damaceno S\u00e9rgio do Esp\u00edrito Santo<br>Tel: (27) 99969-8449<\/p>\n","protected":false},"excerpt":{"rendered":"<p>ITAMARAJU \u2013 PAR\u00d3QUIA NOSSA SENHORA DE F\u00c1TIMAErigida em: 08\/03\/1992Endere\u00e7o: Pra\u00e7a da Bandeira, n\u00ba 91. Bairro: F\u00e1tima. \u2013 Itamaraju\/BAE-mail: nsrafatima@dioceseteixeiradefreitas.com.brTel: (73) 99121-0967P\u00c1ROCO: Pe. Isael Santana da SilvaCoordenadora Paroquial: Ant\u00f4nia F\u00e1tima Santana SantosNasc: 13\/06Tel: (73) 99145-5678Vice-Coordenadora: Silbene de Oliveira SouzaNasc: 20\/12Tel: (73) 98889-2093E-mail: oliveirasilbene@gmail.comSecret\u00e1ria: Lia Marcia GabrielliNasc: 14\/03Tel: (73) 98846-3128 ITAMARAJU \u2013 PAR\u00d3QUIA SANTOS COSME E S\u00c3O &hellip;<\/p>\n","protected":false},"author":24,"featured_media":0,"parent":0,"menu_order":0,"comment_status":"closed","ping_status":"closed","template":"","meta":{"footnotes":""},"class_list":["post-17704","page","type-page","status-publish","hentry"],"_links":{"self":[{"href":"https:\/\/dioceseteixeiradefreitas.com.br\/index.php?rest_route=\/wp\/v2\/pages\/17704","targetHints":{"allow":["GET"]}}],"collection":[{"href":"https:\/\/dioceseteixeiradefreitas.com.br\/index.php?rest_route=\/wp\/v2\/pages"}],"about":[{"href":"https:\/\/dioceseteixeiradefreitas.com.br\/index.php?rest_route=\/wp\/v2\/types\/page"}],"author":[{"embeddable":true,"href":"https:\/\/dioceseteixeiradefreitas.com.br\/index.php?rest_route=\/wp\/v2\/users\/24"}],"replies":[{"embeddable":true,"href":"https:\/\/dioceseteixeiradefreitas.com.br\/index.php?rest_route=%2Fwp%2Fv2%2Fcomments&post=17704"}],"version-history":[{"count":10,"href":"https:\/\/dioceseteixeiradefreitas.com.br\/index.php?rest_route=\/wp\/v2\/pages\/17704\/revisions"}],"predecessor-version":[{"id":24019,"href":"https:\/\/dioceseteixeiradefreitas.com.br\/index.php?rest_route=\/wp\/v2\/pages\/17704\/revisions\/24019"}],"wp:attachment":[{"href":"https:\/\/dioceseteixeiradefreitas.com.br\/index.php?rest_route=%2Fwp%2Fv2%2Fmedia&parent=17704"}],"curies":[{"name":"wp","href":"https:\/\/api.w.org\/{rel}","templated":true}]}}