{"id":3484,"date":"2017-11-19T02:44:22","date_gmt":"2017-11-19T05:44:22","guid":{"rendered":"https:\/\/dioceseteixeiradefreitas.com.br\/?page_id=3484"},"modified":"2025-03-11T10:15:19","modified_gmt":"2025-03-11T13:15:19","slug":"congregacoes-religiosas","status":"publish","type":"page","link":"https:\/\/dioceseteixeiradefreitas.com.br\/?page_id=3484","title":{"rendered":"Congrega\u00e7\u00f5es Religiosas"},"content":{"rendered":"<p style=\"text-align: center;\"><strong>VIDA CONSAGRADA<\/strong><\/p>\n<p><strong>1. CONGREGA\u00c7\u00c3O POBRES SERVOS DA DIVINA PROVID\u00caNCIA<\/strong> (Direito Pontif\u00edcio \u2013 Verona\/It\u00e1lia \u2013 Fundada em 26\/11\/1907, pelo sacerdote S\u00e3o Jo\u00e3o Cal\u00e1bria)<br \/>End: Rua Ministro Alfredo Buzaide, 358 \u2013 Bairro Monte Castelo,<br \/>Teixeira de Freitas\/BA.<br \/>Tel: (73) 99113-0136<br \/>E-mail: jolino@pobresservos.org.br<\/p>\n<ul>\n<li>Dom Jailton de Oliveira Lino (PSDP)<br \/>Nasc: 28\/01<br \/>Ordena\u00e7\u00e3o Sacerdotal: 17\/12\/1988<br \/>Ordena\u00e7\u00e3o Episcopal: 13\/01\/2018<\/li>\n<\/ul>\n<p><strong>2. ORDEM DOS FRADES MENORES \u2013 CAPUCHINHOS<\/strong><br \/>Par\u00f3quia S\u00e3o Cosme Dami\u00e3o \u2013 Itamaraju\/BA<br \/>End: Rua Pra\u00e7a da Independ\u00eancia, 478.<br \/>Tel: (73) 3294-1658<\/p>\n<ul>\n<li>Frei Alan Santana<br \/>P\u00e1roco da Par\u00f3quia Santos Cosme e Dami\u00e3o \u2013 Itamaraju\/BA<br \/>Nasc: 21\/12<br \/>Profiss\u00e3o Religiosa: 25\/11\/2012<br \/>Ordenado: 04\/01\/2020<br \/>Tel: (73) 999981-4600<br \/>E-mail: fr4ans@gmail.com<\/li>\n<li>Frei Ant\u00f4nio Bispo Nascimento Filho<br \/>Vig\u00e1rio Paroquial da Par\u00f3quia Santos Cosme e Dami\u00e3o \u2013<br \/>Itamaraju\/BA<br \/>Nasc: 12\/01<br \/>Profiss\u00e3o Religiosa: 18\/09\/1993<br \/>Ordenado: 06\/05\/2000<br \/>Tel: (73) 98832-1080<\/li>\n<li>Frei Jo\u00e3o Ambr\u00f3sio dos Santos<br \/>Vig\u00e1rio Paroquial da Par\u00f3quia Santos Cosme e Dami\u00e3o \u2013<br \/>Itamaraju\/BA<br \/>Nasc: 19\/03<br \/>Profiss\u00e3o Religiosa: 13\/01\/1990<br \/>Ordenado: 29\/05\/1999<br \/>Tel: (73)98113-532<\/li>\n<\/ul>\n<p><strong>3. CONGREGA\u00c7\u00c3O DOS CARMELITAS DE MARIA IMACULADA (CMI)<\/strong> (Direito Pontif\u00edcio \u2013 Paulo VI de 1967, fundador: S\u00e3o Cir\u00edaco<br \/>Elias Chavara)<br \/>End: Av. Almirante Barroso, 400 \u2013 Nova Teixeira. Teixeira de<br \/>Freitas\/BA.<br \/>Tel: (73) 99921-1418<br \/>E-mail: benoyjosephcmi@gmail.com<\/p>\n<ul>\n<li>Pe. Benoy Joseph<br \/>Nasc: 27\/01<br \/>Ordenado: 01\/01\/2014<br \/>Tel: (73) 99921 \u2013 1418<\/li>\n<li>Pe. Jos\u00e9 Varkey Paily Pallickaparambil<br \/>Nasc: 24\/07<br \/>Ordenado: 30\/12\/2000<\/li>\n<\/ul>\n<p><strong>4. IRM\u00c3S DE S\u00c3O JOS\u00c9 DE CHAMBERY<\/strong> (Direito Pontif\u00edcio \u2013 Lagoa Vermelha\/RS)<br \/>Comunidade Talita Cumi<br \/>End: Rua Espinosa, 428, Liberdade II \u2013 Teixeira de<br \/>Freitas\/BA<br \/>Tel: (73) 3263-0826<br \/>E-mail: talitacumi@yahoo.com.br<br \/>Site: www.isjbrasil.com.br<\/p>\n<ul>\n<li>Ir. Alice Anna Bosio<br \/>Nasc: 05\/07<br \/>Tel: 99912 \u2013 7566<br \/>E-mail: aliceanabosio@hotmail.com<\/li>\n<li>Ir. Clementina Sganzerla Piovesan<br \/>Nasc: 06\/08<br \/>Tel: (67) 98150-9717<br \/>E-mail: clemisganzer@gmail.com<\/li>\n<li>Ir. Olga Pereira de Oliveira<br \/>Nasc: 28\/08<br \/>Tel: (73) 99805 \u2013 6793<br \/>E-mail: oisjoliveira@gmail.com<\/li>\n<\/ul>\n<p><strong>5. IRM\u00c3S FRANCISCANAS DO SENHOR<\/strong> (Direito Pontif\u00edcio \u2013 It\u00e1lia\/Roma)<br \/>5.1. Instituto Francisco de Assis \u2013 IFA<br \/>End: Rua Sagrada Fam\u00edlia, 120, Bela Vista \u2013 Teixeira de<br \/>Freitas\/BA<br \/>Tel: (73) 9 8109-0437 \/ 3292-4803 \/ 3292-4800<br \/>E-mail: faleconosco@ifrans.com.br<\/p>\n<ul>\n<li>Ir. Cristina Alves Ribeiro<br \/>Nasc: 12\/08<br \/>Tel: (73) 98109-0437<br \/>E-mail: ircristina@gmail.com<\/li>\n<li>Ir. Alane Santos Pardinho<br \/>Tel: (31) 98475-3203<\/li>\n<li>Ir. Elenice de Jesus Cruz<br \/>Nasc: 17\/05<br \/>Tel: (73) 98124 \u2013 0665<\/li>\n<li>Ir. Gilda Pereira de S\u00e1<br \/>Nasc: 25\/05<br \/>Tel: (27) 99855-5729<\/li>\n<li>Ir. Karina Braga<br \/>Nasc: 13\/04<br \/>Tel: (73) 98112 \u2013 6551<\/li>\n<\/ul>\n<p>&nbsp;<\/p>\n<p><strong>6. CONGREGA\u00c7\u00c3O DAS FILHAS DE N. SRA. DO MONTE CALV\u00c1RIO (Direito Pontif\u00edcio \u2013 Roma\/It\u00e1lia)<\/strong><\/p>\n<p>6.1. Comunidade Santa Virg\u00ednia<br \/>End: Rua Santa Juliana Falconieri, 879, Cajarana \u2013<br \/>Alcoba\u00e7a\/BA.<\/p>\n<ul>\n<li>Ir. Margarida In\u00e1cia da Paix\u00e3o<br \/>Nasc: 01\/02<br \/>Tel: (73) 99862 \u2013 8777<\/li>\n<li>Ir. Maria do \u00d3 da Silva<br \/>Nasc: 26\/06<br \/>Tel: 99807 \u2013 4664<\/li>\n<li>Ir. Maria do Carmo Pereira de Oliveira<br \/>Nasc: 23\/11<br \/>Tel: (19) 999386 \u2013 7381<\/li>\n<\/ul>\n<p><strong>7. PIAS IRM\u00c3S EDUCADORAS DE S\u00c3O JO\u00c3O EVANGELISTA (Fundada na It\u00e1lia)<\/strong><br \/>7.1. Comunidade de Itamaraju<br \/>End: Rua Duque de Caxias, 127, Centro \u2013 Itamaraju\/BA<br \/>Tel: (73) 3294-2007 \/ (73) 98861-0966<br \/>E-mail: irmamariadasneves@hotmail.com<\/p>\n<ul>\n<li>Ir. Maria das Neves Silva<br \/>Nasc: 14\/06<br \/>Tel: (73) 98861 \u2013 0966<\/li>\n<li>Ir. Marcela Cozuela<br \/>Nasc: 30\/05<br \/>Tel: (42) 98861 \u2013 0965<\/li>\n<li>Ir. Maria de Jesus Lopes<br \/>Nasc: 13\/05<br \/>Tel: (50) 99197 \u2013 2100<\/li>\n<li>Ir. Maria Selma Santos<br \/>Nasc: 15\/06<br \/>Tel: (83) 98207 \u2013 3174<\/li>\n<li>Ir. Maria Josiane Sales Penha<br \/>Nasc: 06\/09<br \/>Tel.: (73) 998166\u20135758<br \/>E-mail: josy-salles@outlook.com<\/li>\n<\/ul>\n<p>7.2. Comunidade de Teixeira de Freitas<br \/>End: Pra\u00e7a Joana Ang\u00e9lica, 332, S\u00e3o Jos\u00e9 \u2013 Teixeira de Freitas\/BA<br \/>Tel: (73) 3013-6059 \/ (73) 9 9128-9756<\/p>\n<ul>\n<li>Ir. Marcia Campos de Sena<br \/>Nasc: 12\/12<br \/>Tel: (73) 99141\u20131474<br \/>E-mail: ir-marcia@hotmail.com<\/li>\n<li>Ir. Tatiana Santos de Lima<br \/>Nasc: 12\/06<br \/>Tel: (73) 99861-6284<br \/>E-mail: ir.mariatatiana@gmail.com<\/li>\n<\/ul>\n<p><strong>8. CONGREGA\u00c7\u00c3O DAS POBRES SERVAS DO PRECIOS\u00cdSSIMO SANGUE DE JESUS (IRM\u00c3S DO CEN\u00c1CULO DA CARIDADE)<\/strong> (Direito Pontif\u00edcio Diocesano \u2013 Verona\/It\u00e1lia)<br \/>End: Rua da Matriz,122 \u2013 Medeiros Neto\/BA<\/p>\n<ul>\n<li>Ir. Maria Kelly Alves<br \/>Nasc: 10\/06<br \/>Tel: (73) 99857 \u2013 5807<br \/>E-mail: mariakellydejesus@hotmail.com<\/li>\n<li>Ir. Dalvaci Oliveira Santos<br \/>Nasc: 29\/11<br \/>Tel: (75) 98251 \u2013 9080<br \/>E-mail: dalvacioliveirasantos@gmail.com<\/li>\n<li>Ir. Aurenita Azevedo<br \/>Nasc: 03\/10<br \/>Tel: (73) 99825-2255<\/li>\n<\/ul>\n<p style=\"text-align: center;\"><strong>INSTITUTOS SECULARES<\/strong><\/p>\n<p><strong>1. PEQUENA FRATERNIDADE FRANCISCANA SANTA ISABEL DA HUNGRIA<\/strong><br \/>End: Rua Luiz Viana Filho, 446, Jardim Cara\u00edpe \u2013 Teixeira de<br \/>Freitas\/BA<br \/>Tel: (73) 99922-8382 \/ (73) 99101-6898<br \/>E-mail: fraternidadesantaisabel@yahoo.com.br<\/p>\n<ul>\n<li>Alzinete Ferreira Santos<br \/>Nasc: 22\/12<br \/>Tel: (73) 99922-8382<br \/>E-mail: alzinetesantos@gmail.com<\/li>\n<li>Julia Neves do Nascimento<br \/>Nasc: 18\/05<br \/>Tel: (73) 98118-7982<\/li>\n<li>Maria da Gl\u00f3ria Ferreira Santos<br \/>Nasc: 13\/08<br \/>Tel: (73) 99101-6898<br \/>E-mail: glovitor100@gmail.com<\/li>\n<li>Jovelina Paulina Rocha<br \/>Nasc: 10\/12<br \/>Tel: (73) 99142-4970<\/li>\n<li>Terezinha Carvalho De Souza<br \/>Nasc: 04\/03<br \/>Tel: (73) 98884-7305<\/li>\n<\/ul>\n<p>Resid\u00eancia em Itamaraju<\/p>\n<ul>\n<li>Maria Dilza Lago<br \/>Nasc: 02\/09<br \/>Tel: (73) 99128-3584<\/li>\n<\/ul>\n<p>Resid\u00eancia em Cumuruxatiba<\/p>\n<ul>\n<li>Maria Das Dores Barbosa<br \/>Nasc: 08\/01<br \/>Tel: (73) 99872-6270<\/li>\n<li>Nilza Vieira De Souza Nunes<br \/>Nasc: 28\/08<br \/>Tel: (73) 99946-7370<\/li>\n<\/ul>\n<p style=\"text-align: center;\"><strong>COMUNIDADES DE VIDA<\/strong><\/p>\n<p><strong>1. FRATERNIDADE MISSION\u00c1RIA O CAMINHO<\/strong><br \/>Instituto das Pobres de Jesus Cristo<br \/>End: Rua Joaquim Muniz Neto, 135, Ouro Verde \u2013 Teixeira de Freitas\/BA<br \/>Tel: (73) 3292-1786 \/ (73) 98258 \u2013 5388<br \/>E-mail: imaculadaconceicao@ocaminho.org.br<br \/>Site: www.ocaminho.org.br<\/p>\n<ul>\n<li>Ir. Dara<br \/>Nasc: 23\/11<\/li>\n<li>Ir. Gl\u00f3ria<br \/>Nasc: 18\/05<\/li>\n<li>Ir. Mariluz<br \/>Nasc: 23\/03<\/li>\n<li>Ir. Inviolata<br \/>Nasc: 08\/07<\/li>\n<li>Ir. Regina<br \/>Nasc: 16\/04<\/li>\n<li>Ir. Marisol<br \/>Nasc: 09\/06<\/li>\n<\/ul>\n<p><strong>2. COMUNIDADE CAT\u00d3LICA FOR\u00c7A JOVEM DO DISC\u00cdPULO <\/strong><strong>AMADO<\/strong><br \/>End: Rua Portugal, 37 \u2013 S\u00e3o Jos\u00e9 de Alcoba\u00e7a \u2013 Par\u00f3quia S\u00e3o Bernardo.<\/p>\n<ul>\n<li>Ir. Sandra Ferreira Dos Santos<br \/>Nasc: 20\/08<br \/>Tel: (73) 99859-5685<br \/>E-mail: sandralivresoufj@gmail.com<\/li>\n<li>Ir. Suzana Lopes<br \/>Nasc: 21\/08<br \/>Tel: (79) 99604-2659<br \/>E-mail: zaiamigos@gmail.com<\/li>\n<\/ul>\n","protected":false},"excerpt":{"rendered":"<p>VIDA CONSAGRADA 1. CONGREGA\u00c7\u00c3O POBRES SERVOS DA DIVINA PROVID\u00caNCIA (Direito Pontif\u00edcio \u2013 Verona\/It\u00e1lia \u2013 Fundada em 26\/11\/1907, pelo sacerdote S\u00e3o Jo\u00e3o Cal\u00e1bria)End: Rua Ministro Alfredo Buzaide, 358 \u2013 Bairro Monte Castelo,Teixeira de Freitas\/BA.Tel: (73) 99113-0136E-mail: jolino@pobresservos.org.br Dom Jailton de Oliveira Lino (PSDP)Nasc: 28\/01Ordena\u00e7\u00e3o Sacerdotal: 17\/12\/1988Ordena\u00e7\u00e3o Episcopal: 13\/01\/2018 2. ORDEM DOS FRADES MENORES \u2013 CAPUCHINHOSPar\u00f3quia S\u00e3o &hellip;<\/p>\n","protected":false},"author":2,"featured_media":0,"parent":0,"menu_order":0,"comment_status":"closed","ping_status":"closed","template":"","meta":{"footnotes":""},"class_list":["post-3484","page","type-page","status-publish","hentry"],"_links":{"self":[{"href":"https:\/\/dioceseteixeiradefreitas.com.br\/index.php?rest_route=\/wp\/v2\/pages\/3484","targetHints":{"allow":["GET"]}}],"collection":[{"href":"https:\/\/dioceseteixeiradefreitas.com.br\/index.php?rest_route=\/wp\/v2\/pages"}],"about":[{"href":"https:\/\/dioceseteixeiradefreitas.com.br\/index.php?rest_route=\/wp\/v2\/types\/page"}],"author":[{"embeddable":true,"href":"https:\/\/dioceseteixeiradefreitas.com.br\/index.php?rest_route=\/wp\/v2\/users\/2"}],"replies":[{"embeddable":true,"href":"https:\/\/dioceseteixeiradefreitas.com.br\/index.php?rest_route=%2Fwp%2Fv2%2Fcomments&post=3484"}],"version-history":[{"count":17,"href":"https:\/\/dioceseteixeiradefreitas.com.br\/index.php?rest_route=\/wp\/v2\/pages\/3484\/revisions"}],"predecessor-version":[{"id":24001,"href":"https:\/\/dioceseteixeiradefreitas.com.br\/index.php?rest_route=\/wp\/v2\/pages\/3484\/revisions\/24001"}],"wp:attachment":[{"href":"https:\/\/dioceseteixeiradefreitas.com.br\/index.php?rest_route=%2Fwp%2Fv2%2Fmedia&parent=3484"}],"curies":[{"name":"wp","href":"https:\/\/api.w.org\/{rel}","templated":true}]}}