{"id":4936,"date":"2018-04-21T19:50:43","date_gmt":"2018-04-21T22:50:43","guid":{"rendered":"https:\/\/dioceseteixeiradefreitas.com.br\/?page_id=4936"},"modified":"2020-08-08T20:28:19","modified_gmt":"2020-08-08T23:28:19","slug":"o-brasao-diocesano","status":"publish","type":"page","link":"https:\/\/dioceseteixeiradefreitas.com.br\/?page_id=4936","title":{"rendered":"O BRAS\u00c3O DIOCESANO"},"content":{"rendered":"<p><img loading=\"lazy\" decoding=\"async\" class=\"aligncenter size-full wp-image-4771\" src=\"https:\/\/dioceseteixeiradefreitas.com.br\/wp-content\/uploads\/2018\/04\/Bras\u00e3o_F_Branco_Pequeno.jpg\" alt=\"\" width=\"500\" height=\"500\" srcset=\"https:\/\/dioceseteixeiradefreitas.com.br\/wp-content\/uploads\/2018\/04\/Bras\u00e3o_F_Branco_Pequeno.jpg 500w, https:\/\/dioceseteixeiradefreitas.com.br\/wp-content\/uploads\/2018\/04\/Bras\u00e3o_F_Branco_Pequeno-300x300.jpg 300w, https:\/\/dioceseteixeiradefreitas.com.br\/wp-content\/uploads\/2018\/04\/Bras\u00e3o_F_Branco_Pequeno-100x100.jpg 100w, https:\/\/dioceseteixeiradefreitas.com.br\/wp-content\/uploads\/2018\/04\/Bras\u00e3o_F_Branco_Pequeno-150x150.jpg 150w\" sizes=\"auto, (max-width: 500px) 100vw, 500px\" \/><\/p>\n<p><strong>Descri\u00e7\u00e3o<\/strong><br \/>\nEscudo eclesi\u00e1stico: terciado em mantel sendo o primeiro campo em vermelho com as chaves petrinas em ouro e prata, atadas por um cord\u00e3o em ouro, o segundo campo em amarelo (ouro) com uma b\u00edblia aberta cujas p\u00e1ginas trazem os caracteres gregos alfa e \u00f4mega, o terceiro campo em azul com o barco em marrom que singra nas \u00e1guas representadas por faixas onduladas em prata. Ao centro e sobre o escudo, a Mitra em dourado, forrada e adornada de vermelho de cujo interior pendem duas influas tamb\u00e9m em ouro e vermelho. Por tr\u00e1s do escudo, uma Cruz processional e um B\u00e1culo que se cruzam ao centro. Sob o escudo dois list\u00e9is, um com a inscri\u00e7\u00e3o: Diocese de Teixeira da Freitas \/ Caravelas; outro, menor, com a inscri\u00e7\u00e3o latina: \u201c<em>Duc in altum<\/em>\u201d.<\/p>\n<p><strong>Interpreta\u00e7\u00e3o<\/strong><br \/>\nNo primeiro campo, o esmalte vermelho expressa as virtudes de fortaleza e valorosidade, recorda-nos o mart\u00edrio do Padroeiro da Diocese, S\u00e3o Pedro, em uni\u00e3o Sacrif\u00edcio de Cristo, o Cordeiro imolado. Este mesmo campo apresenta as chaves petrinas cruzadas sendo uma dourada, em representa\u00e7\u00e3o do que \u00e9 ligado nos c\u00e9us, e outra prateada, em representa\u00e7\u00e3o do que \u00e9 ligado na terra, ambas denotam a autoridade dada por Cristo a S\u00e3o Pedro e seus sucessores; o cord\u00e3o dourado representa o elo entre os dois poderes.<\/p>\n<p>O segundo campo em metal amarelo (ouro) expressa a excel\u00eancia e a caridade no Santo Evangelho que est\u00e1 representado pela b\u00edblia aberta, a inscri\u00e7\u00e3o grega \u2018alfa\u2019 e \u2018\u00f4mega\u2019 sobre a mesma afirma a imutabilidade da mensagem de Cristo que \u00e9 Senhor do tempo, o princ\u00edpio e o fim.<\/p>\n<p>No terceiro campo, em esmalte azul elucida-se a do\u00e7ura, lealdade e piedade, virtudes atribu\u00eddas \u00e0 Virgem Maria, estrela da nova evangeliza\u00e7\u00e3o. As faixas onduladas em prata ilustram o oceano que margeia parte do territ\u00f3rio diocesano. Em esmalte marrom, a barca de S\u00e3o Pedro, em alus\u00e3o a Igreja Cat\u00f3lica, de onde se faz ouvir o eco da voz de Cristo que segue convocando novos disc\u00edpulos ao desafio de serem tamb\u00e9m pescadores de homens.<\/p>\n<p>Fora do escudo est\u00e3o os ornamentos tais como a mitra, que representa a autoridade espiritual e a dignidade episcopal do prelado, bem como o b\u00e1culo como s\u00edmbolo do pastoreio, aludindo a figura de Cristo, o Bom Pastor, e a cruz processional simples, que representa o grau hier\u00e1rquico de uma diocese sufrag\u00e2nea em face \u00e0s demais inst\u00e2ncias eclesi\u00e1sticas. O primeiro listel \u00e9 a faixa que traz o nome da Diocese e no segundo o lema com a inscri\u00e7\u00e3o latina: \u201c<em>Duc in altum<\/em>\u201d que significa \u201cavancem para \u00e1guas mais profundas\u201d, este \u00e9 imperativo que fez nosso Senhor aos disc\u00edpulos na barca (cf. Lc 5,4), deste modo, todo o que assume a condi\u00e7\u00e3o de disc\u00edpulo \u00e9, pois, impelido a abandonar a estabilidade das margens e lan\u00e7ar-se em \u00e1guas mais profundas, no vasto campo de miss\u00e3o que se estende por todo o territ\u00f3rio diocesano.<\/p>\n<p>O bras\u00e3o da Diocese de Teixeira de Freitas \/ Caravelas foi reestilizado em 2018 pela <a href=\"https:\/\/www.facebook.com\/brasoes.donumdei\/\">Donum Dei &#8211; Bras\u00f5es Eclesi\u00e1sticos,<\/a> mantendo os componentes j\u00e1 presentes na vers\u00e3o anterior, a arte ganhou um novo tra\u00e7o e efeitos de preenchimento, garantindo maior decoro em sua utiliza\u00e7\u00e3o.<\/p>\n<p>Para obter o Bras\u00e3o e o Logotipo da Diocese, e as formas de sua aplica\u00e7\u00e3o, o(a) interessado(a) deve entrar em contato com a Pastoral da Comunica\u00e7\u00e3o &#8211; PASCOM, solicitando-os por <strong>E-mail: <a href=\"mailto:pascom@dioceseteixeiradefreitas.com.br\">pascom@dioceseteixeiradefreitas.com.br<\/a><\/strong><\/p>\n","protected":false},"excerpt":{"rendered":"<p>Descri\u00e7\u00e3o Escudo eclesi\u00e1stico: terciado em mantel sendo o primeiro campo em vermelho com as chaves petrinas em ouro e prata, atadas por um cord\u00e3o em ouro, o segundo campo em amarelo (ouro) com uma b\u00edblia aberta cujas p\u00e1ginas trazem os caracteres gregos alfa e \u00f4mega, o terceiro campo em azul com o barco em marrom &hellip;<\/p>\n","protected":false},"author":2,"featured_media":0,"parent":0,"menu_order":0,"comment_status":"closed","ping_status":"closed","template":"","meta":{"footnotes":""},"class_list":["post-4936","page","type-page","status-publish","hentry"],"_links":{"self":[{"href":"https:\/\/dioceseteixeiradefreitas.com.br\/index.php?rest_route=\/wp\/v2\/pages\/4936","targetHints":{"allow":["GET"]}}],"collection":[{"href":"https:\/\/dioceseteixeiradefreitas.com.br\/index.php?rest_route=\/wp\/v2\/pages"}],"about":[{"href":"https:\/\/dioceseteixeiradefreitas.com.br\/index.php?rest_route=\/wp\/v2\/types\/page"}],"author":[{"embeddable":true,"href":"https:\/\/dioceseteixeiradefreitas.com.br\/index.php?rest_route=\/wp\/v2\/users\/2"}],"replies":[{"embeddable":true,"href":"https:\/\/dioceseteixeiradefreitas.com.br\/index.php?rest_route=%2Fwp%2Fv2%2Fcomments&post=4936"}],"version-history":[{"count":7,"href":"https:\/\/dioceseteixeiradefreitas.com.br\/index.php?rest_route=\/wp\/v2\/pages\/4936\/revisions"}],"predecessor-version":[{"id":10959,"href":"https:\/\/dioceseteixeiradefreitas.com.br\/index.php?rest_route=\/wp\/v2\/pages\/4936\/revisions\/10959"}],"wp:attachment":[{"href":"https:\/\/dioceseteixeiradefreitas.com.br\/index.php?rest_route=%2Fwp%2Fv2%2Fmedia&parent=4936"}],"curies":[{"name":"wp","href":"https:\/\/api.w.org\/{rel}","templated":true}]}}