{"id":68,"date":"2014-08-21T01:21:35","date_gmt":"2014-08-21T01:21:35","guid":{"rendered":"https:\/\/dioceseteixeiradefreitas.com.br\/?page_id=68"},"modified":"2019-09-26T15:14:03","modified_gmt":"2019-09-26T18:14:03","slug":"bispo-diocesano","status":"publish","type":"page","link":"https:\/\/dioceseteixeiradefreitas.com.br\/?page_id=68","title":{"rendered":"Bispo Diocesano"},"content":{"rendered":"<p><a href=\"https:\/\/dioceseteixeiradefreitas.com.br\/wp-content\/uploads\/2019\/09\/1.jpg\"><img loading=\"lazy\" decoding=\"async\" class=\"alignleft wp-image-8120\" src=\"https:\/\/dioceseteixeiradefreitas.com.br\/wp-content\/uploads\/2019\/09\/1.jpg\" alt=\"\" width=\"297\" height=\"447\" srcset=\"https:\/\/dioceseteixeiradefreitas.com.br\/wp-content\/uploads\/2019\/09\/1.jpg 639w, https:\/\/dioceseteixeiradefreitas.com.br\/wp-content\/uploads\/2019\/09\/1-600x901.jpg 600w, https:\/\/dioceseteixeiradefreitas.com.br\/wp-content\/uploads\/2019\/09\/1-200x300.jpg 200w\" sizes=\"auto, (max-width: 297px) 100vw, 297px\" \/><\/a><strong>DOM JAILTON DE OLIVEIRA LINO<\/strong><br \/>\n4\u00ba BISPO DIOCESANO<\/p>\n<p><strong>Lema:<\/strong> \u201cN\u00e3o vos Angustieis\u201d<br \/>\n<strong>Nascido em Feira de Santana\/BA:<\/strong> 28\/01\/1965<br \/>\n<strong>Ordena\u00e7\u00e3o Presbiteral: <\/strong>17\/12\/1988<br \/>\n<strong>Nomea\u00e7\u00e3o Episcopal: <\/strong>15\/11\/2017<br \/>\n<strong>Ordena\u00e7\u00e3o Episcopal:<\/strong> 13\/01\/2018<br \/>\n<strong>Posse: <\/strong>09\/02\/2018<\/p>\n<p style=\"text-align: left;\"><strong>Biografia<\/strong><\/p>\n<p>Nascido em 28 de janeiro de 1965, Dom Jailton de Oliveira Lino \u00e9 natural de Feira de Santana\/BA, vindo de uma fam\u00edlia com sete irm\u00e3os e com uma s\u00f3lida forma\u00e7\u00e3o religiosa. Os pais, Severina de Oliveira Lino e Jos\u00e9 Pereira Lino j\u00e1 s\u00e3o falecidos. \u00c9 formado em Filosofia e Teologia pela Pontif\u00edcia Universidade Cat\u00f3lica do Rio Grande do Sul (PUC-RS). Tamb\u00e9m possui mestrado em Psicologia pela Universidade do Rio dos Sinos (UNISINOS), de Porto Alegre.<\/p>\n<p style=\"text-align: left;\">Foi ordenado sacerdote em 17 de dezembro de 1988, em Feira de Santana (BA). Faz parte da Congrega\u00e7\u00e3o dos Pobres Servos da Divina Provid\u00eancia, e entre suas atribui\u00e7\u00f5es como sacerdote exerceu os postos de vice-provincial e mestre dos novi\u00e7os; delegado-provincial e ec\u00f4nomo provincial, ambos em Porto Alegre (RS).<\/p>\n<p>Dom Jailton foi ordenado bispo no dia 13 de janeiro de 2018 no Santu\u00e1rio Diocesano de Nossa Senhora de Caravaggio, em Farroupilha\/RS, e no dia 09 de fevereiro de 2018 foi empossado bispo da Diocese de Teixeira de Freitas\/Caravelas em cerim\u00f4nia realizada na Catedral S\u00e3o Pedro.<\/p>\n<p>&nbsp;<\/p>\n<p><strong>Lema episcopal<\/strong><\/p>\n<p>O lema escolhido por Dom Jailton para o seu episcopado foi a passagem de Mateus 6,25:<\/p>\n<blockquote><p>\u201cN\u00e3o vos angustieis!\u201d<\/p><\/blockquote>\n<p>Para o Dom Jailton o referido trecho b\u00edblico sempre marcou muito a sua vida. \u201cEu aprendi desde os primeiros tempos a n\u00e3o me preocupar, a n\u00e3o me angustiar porque \u00e9 Deus quem faz e ele sabe das nossas necessidades\u201d, afirma.<\/p>\n<p><strong>Bras\u00e3o Episcopal<\/strong><\/p>\n<p>O escudo \u00e9 inspirado no lema episcopal, extra\u00eddo do texto de Mateus 6,23-33:<\/p>\n<blockquote><p>\u201cOlhai os l\u00edrios do campo e as aves do c\u00e9u\u2026\u201d<\/p><\/blockquote>\n<p><a href=\"https:\/\/dioceseteixeiradefreitas.com.br\/wp-content\/uploads\/2017\/12\/Brasao.png\"><img loading=\"lazy\" decoding=\"async\" class=\"size-medium wp-image-3798 aligncenter\" src=\"https:\/\/dioceseteixeiradefreitas.com.br\/wp-content\/uploads\/2017\/12\/Brasao-300x262.png\" alt=\"\" width=\"300\" height=\"262\" srcset=\"https:\/\/dioceseteixeiradefreitas.com.br\/wp-content\/uploads\/2017\/12\/Brasao-300x262.png 300w, https:\/\/dioceseteixeiradefreitas.com.br\/wp-content\/uploads\/2017\/12\/Brasao.png 600w\" sizes=\"auto, (max-width: 300px) 100vw, 300px\" \/><\/a><\/p>\n<p>Que tamb\u00e9m faz parte do carisma da Congrega\u00e7\u00e3o dos Pobres Servos da Divina Provid\u00eancia, da qual Dom Jailton \u00e9 membro. O azul representa, entre outros significados, a fortaleza, gl\u00f3ria e vit\u00f3ria. A \u00e2ncora \u00e9 o s\u00edmbolo da esperan\u00e7a, seguran\u00e7a, firmeza e tamb\u00e9m da vit\u00f3ria. O verde, esperan\u00e7a e f\u00e9. Todos estes significados, unidos \u00e0 cruz de Cristo, representam o conte\u00fado da mensagem que Jesus nos deixou quando nos diz: \u201cn\u00e3o vos angustieis\u201d, lema do episcopado de Dom Jailton.<\/p>\n","protected":false},"excerpt":{"rendered":"<p>DOM JAILTON DE OLIVEIRA LINO 4\u00ba BISPO DIOCESANO Lema: \u201cN\u00e3o vos Angustieis\u201d Nascido em Feira de Santana\/BA: 28\/01\/1965 Ordena\u00e7\u00e3o Presbiteral: 17\/12\/1988 Nomea\u00e7\u00e3o Episcopal: 15\/11\/2017 Ordena\u00e7\u00e3o Episcopal: 13\/01\/2018 Posse: 09\/02\/2018 Biografia Nascido em 28 de janeiro de 1965, Dom Jailton de Oliveira Lino \u00e9 natural de Feira de Santana\/BA, vindo de uma fam\u00edlia com sete irm\u00e3os &hellip;<\/p>\n","protected":false},"author":1,"featured_media":0,"parent":0,"menu_order":0,"comment_status":"closed","ping_status":"closed","template":"","meta":{"footnotes":""},"class_list":["post-68","page","type-page","status-publish","hentry"],"_links":{"self":[{"href":"https:\/\/dioceseteixeiradefreitas.com.br\/index.php?rest_route=\/wp\/v2\/pages\/68","targetHints":{"allow":["GET"]}}],"collection":[{"href":"https:\/\/dioceseteixeiradefreitas.com.br\/index.php?rest_route=\/wp\/v2\/pages"}],"about":[{"href":"https:\/\/dioceseteixeiradefreitas.com.br\/index.php?rest_route=\/wp\/v2\/types\/page"}],"author":[{"embeddable":true,"href":"https:\/\/dioceseteixeiradefreitas.com.br\/index.php?rest_route=\/wp\/v2\/users\/1"}],"replies":[{"embeddable":true,"href":"https:\/\/dioceseteixeiradefreitas.com.br\/index.php?rest_route=%2Fwp%2Fv2%2Fcomments&post=68"}],"version-history":[{"count":14,"href":"https:\/\/dioceseteixeiradefreitas.com.br\/index.php?rest_route=\/wp\/v2\/pages\/68\/revisions"}],"predecessor-version":[{"id":8127,"href":"https:\/\/dioceseteixeiradefreitas.com.br\/index.php?rest_route=\/wp\/v2\/pages\/68\/revisions\/8127"}],"wp:attachment":[{"href":"https:\/\/dioceseteixeiradefreitas.com.br\/index.php?rest_route=%2Fwp%2Fv2%2Fmedia&parent=68"}],"curies":[{"name":"wp","href":"https:\/\/api.w.org\/{rel}","templated":true}]}}