{"id":7073,"date":"2019-07-17T09:33:03","date_gmt":"2019-07-17T12:33:03","guid":{"rendered":"https:\/\/dioceseteixeiradefreitas.com.br\/?page_id=7073"},"modified":"2023-02-26T19:02:01","modified_gmt":"2023-02-26T22:02:01","slug":"seminario-propedeutico-bom-pastor","status":"publish","type":"page","link":"https:\/\/dioceseteixeiradefreitas.com.br\/?page_id=7073","title":{"rendered":"Semin\u00e1rio Proped\u00eautico Bom Pastor"},"content":{"rendered":"<div class=\"wp-block-image\">\n<figure class=\"aligncenter\"><img loading=\"lazy\" decoding=\"async\" width=\"2560\" height=\"1596\" src=\"https:\/\/dioceseteixeiradefreitas.com.br\/wp-content\/uploads\/2021\/09\/IMG_1337-scaled.jpg\" alt=\"\" class=\"wp-image-14332\" srcset=\"https:\/\/dioceseteixeiradefreitas.com.br\/wp-content\/uploads\/2021\/09\/IMG_1337-scaled.jpg 2560w, https:\/\/dioceseteixeiradefreitas.com.br\/wp-content\/uploads\/2021\/09\/IMG_1337-300x187.jpg 300w, https:\/\/dioceseteixeiradefreitas.com.br\/wp-content\/uploads\/2021\/09\/IMG_1337-1024x638.jpg 1024w, https:\/\/dioceseteixeiradefreitas.com.br\/wp-content\/uploads\/2021\/09\/IMG_1337-768x479.jpg 768w, https:\/\/dioceseteixeiradefreitas.com.br\/wp-content\/uploads\/2021\/09\/IMG_1337-1536x957.jpg 1536w, https:\/\/dioceseteixeiradefreitas.com.br\/wp-content\/uploads\/2021\/09\/IMG_1337-2048x1277.jpg 2048w\" sizes=\"auto, (max-width: 2560px) 100vw, 2560px\" \/><\/figure>\n<\/div>\n\n\n<p class=\"has-text-align-center\"><strong>SEMIN\u00c1RIO PROPED\u00caUTICO BOM PASTOR<\/strong><br>Av. das Na\u00e7\u00f5es, n\u00ba 545 \u2013 Bairro Monte Castelo<br>CEP: 45996-135 \u2013 Teixeira de Freitas\/Ba<br>E-mail: <a href=\"mailto:sempropedeutico@dioceseteixeiradefreitas.com.br\">sempropedeutico@dioceseteixeiradefreitas.com.br<\/a><br><strong>REITOR:<\/strong>\u00a0Pe. Ariston Domingues de Ara\u00fajo<\/p>\n\n\n\n<p class=\"has-text-align-center\"><strong>DIRETORES ESPIRITUAIS:<\/strong><br>Pe. Jan Gabriel Rodrigues<br>Pe. Raul Felipe da Silva<\/p>\n\n\n\n<p class=\"has-text-align-center\"><strong>CONFESSORES:<\/strong><br>Pe. Rogerio Gon\u00e7alves<br>Pe. Gilberto de Jesus<\/p>\n\n\n\n<p class=\"has-white-color has-vivid-cyan-blue-background-color has-text-color has-background\"><strong>Conhe\u00e7a as instala\u00e7\u00f5es do Semin\u00e1rio Proped\u00eautico Bom Pastor<\/strong><\/p>\n\n\n\n[Best_Wordpress_Gallery id=&#8221;34&#8243; gal_title=&#8221;Sem. Proped\u00eautico&#8221;]\n","protected":false},"excerpt":{"rendered":"<p>SEMIN\u00c1RIO PROPED\u00caUTICO BOM PASTORAv. das Na\u00e7\u00f5es, n\u00ba 545 \u2013 Bairro Monte CasteloCEP: 45996-135 \u2013 Teixeira de Freitas\/BaE-mail: sempropedeutico@dioceseteixeiradefreitas.com.brREITOR:\u00a0Pe. Ariston Domingues de Ara\u00fajo DIRETORES ESPIRITUAIS:Pe. Jan Gabriel RodriguesPe. Raul Felipe da Silva CONFESSORES:Pe. Rogerio Gon\u00e7alvesPe. Gilberto de Jesus Conhe\u00e7a as instala\u00e7\u00f5es do Semin\u00e1rio Proped\u00eautico Bom Pastor [Best_Wordpress_Gallery id=&#8221;34&#8243; gal_title=&#8221;Sem. Proped\u00eautico&#8221;]<\/p>\n","protected":false},"author":1,"featured_media":0,"parent":0,"menu_order":0,"comment_status":"closed","ping_status":"closed","template":"","meta":{"footnotes":""},"class_list":["post-7073","page","type-page","status-publish","hentry"],"_links":{"self":[{"href":"https:\/\/dioceseteixeiradefreitas.com.br\/index.php?rest_route=\/wp\/v2\/pages\/7073","targetHints":{"allow":["GET"]}}],"collection":[{"href":"https:\/\/dioceseteixeiradefreitas.com.br\/index.php?rest_route=\/wp\/v2\/pages"}],"about":[{"href":"https:\/\/dioceseteixeiradefreitas.com.br\/index.php?rest_route=\/wp\/v2\/types\/page"}],"author":[{"embeddable":true,"href":"https:\/\/dioceseteixeiradefreitas.com.br\/index.php?rest_route=\/wp\/v2\/users\/1"}],"replies":[{"embeddable":true,"href":"https:\/\/dioceseteixeiradefreitas.com.br\/index.php?rest_route=%2Fwp%2Fv2%2Fcomments&post=7073"}],"version-history":[{"count":7,"href":"https:\/\/dioceseteixeiradefreitas.com.br\/index.php?rest_route=\/wp\/v2\/pages\/7073\/revisions"}],"predecessor-version":[{"id":19352,"href":"https:\/\/dioceseteixeiradefreitas.com.br\/index.php?rest_route=\/wp\/v2\/pages\/7073\/revisions\/19352"}],"wp:attachment":[{"href":"https:\/\/dioceseteixeiradefreitas.com.br\/index.php?rest_route=%2Fwp%2Fv2%2Fmedia&parent=7073"}],"curies":[{"name":"wp","href":"https:\/\/api.w.org\/{rel}","templated":true}]}}